{"id":118,"date":"2023-04-12T21:30:39","date_gmt":"2023-04-12T20:30:39","guid":{"rendered":"https:\/\/avsc13.fr\/site\/?page_id=118"},"modified":"2023-04-12T21:30:39","modified_gmt":"2023-04-12T20:30:39","slug":"nous-ecrire","status":"publish","type":"page","link":"https:\/\/avsc13.fr\/site\/nous-ecrire\/","title":{"rendered":"Nous \u00e9crire"},"content":{"rendered":"\n<p>Vous souhaitez avoir des renseignements sur notre association (sorties, conf\u00e9rences, assembl\u00e9e g\u00e9n\u00e9rale) ou sur la ville de Saint-Chamas.<\/p>\n\n\n\n<p>Vous souhaitez vous procurer une de nos publications.<\/p>\n\n\n\n<p>Vous \u00eates historien, scientifique, passionn\u00e9 d&rsquo;histoire locale et vous souhaitez faire une conf\u00e9rence pour les AVSC.<\/p>\n\n\n\n<p>Vous d\u00e9sirez nous faire part de suggestions ou de commentaires \u2026<\/p>\n\n\n\n<p class=\"has-text-align-center\"><strong>N&rsquo;h\u00e9sitez pas \u00e0 nous contacter :<\/strong><\/p>\n\n\n\n<figure class=\"wp-block-table alignwide\"><table><tbody><tr><td class=\"has-text-align-center\" data-align=\"center\"><strong>Adresse postale :<\/strong><br><br>Les Amis du Vieux Saint-Chamas<br>H\u00f4tel-de-Ville<br>Boite postale Mairie<br>13250 Saint-Chamas<\/td><td class=\"has-text-align-center\" data-align=\"center\"><strong>Par courriel :<\/strong><br><br>avsc13.asso@gmail.com<\/td><\/tr><\/tbody><\/table><\/figure>\n","protected":false},"excerpt":{"rendered":"<p>Vous souhaitez avoir des renseignements sur notre association (sorties, conf\u00e9rences, assembl\u00e9e g\u00e9n\u00e9rale) ou sur la ville de Saint-Chamas. Vous souhaitez vous procurer une de nos publications. Vous \u00eates historien, scientifique, passionn\u00e9 d&rsquo;histoire locale et&#46;&#46;&#46;<\/p>\n","protected":false},"author":1,"featured_media":0,"parent":0,"menu_order":0,"comment_status":"closed","ping_status":"closed","template":"","meta":{"footnotes":""},"class_list":["post-118","page","type-page","status-publish","hentry"],"_links":{"self":[{"href":"https:\/\/avsc13.fr\/site\/wp-json\/wp\/v2\/pages\/118","targetHints":{"allow":["GET"]}}],"collection":[{"href":"https:\/\/avsc13.fr\/site\/wp-json\/wp\/v2\/pages"}],"about":[{"href":"https:\/\/avsc13.fr\/site\/wp-json\/wp\/v2\/types\/page"}],"author":[{"embeddable":true,"href":"https:\/\/avsc13.fr\/site\/wp-json\/wp\/v2\/users\/1"}],"replies":[{"embeddable":true,"href":"https:\/\/avsc13.fr\/site\/wp-json\/wp\/v2\/comments?post=118"}],"version-history":[{"count":0,"href":"https:\/\/avsc13.fr\/site\/wp-json\/wp\/v2\/pages\/118\/revisions"}],"wp:attachment":[{"href":"https:\/\/avsc13.fr\/site\/wp-json\/wp\/v2\/media?parent=118"}],"curies":[{"name":"wp","href":"https:\/\/api.w.org\/{rel}","templated":true}]}}