{"id":255,"date":"2023-04-13T22:57:54","date_gmt":"2023-04-13T21:57:54","guid":{"rendered":"https:\/\/avsc13.fr\/site\/?page_id=255"},"modified":"2023-04-13T22:57:54","modified_gmt":"2023-04-13T21:57:54","slug":"articles-scientifiques","status":"publish","type":"page","link":"https:\/\/avsc13.fr\/site\/articles-scientifiques\/","title":{"rendered":"Articles scientifiques"},"content":{"rendered":"\n<p>ROCHETIN (L.), <em>Le pont romain de Saint-Chamas,<\/em> M\u00e9moires de l\u2019Acad\u00e9mie de Vaucluse, 1883, pp. 38-44.<\/p>\n\n\n\n<p>BERGOUNHOUX (E.), MASSON (P.), Monographies communales tome XV des Bouches-du-Rh\u00f4ne, encyclop\u00e9die d\u00e9partementale, 1933\u00a0: Cornillon Confoux p. 359-364\u00a0; Miramas p. 376-379\u00a0; Saint-Chamas p. 251-255.<\/p>\n\n\n\n<p>LAFRAN (Paul), <em>Un gisement \u00e0 industries pal\u00e9olithiques \u00e0 dos rabattu \u00e0 Saint-Chamas (Bouches-du-Rh\u00f4ne)<\/em>, dans Bulletin de la Soci\u00e9t\u00e9 Pr\u00e9historique fran\u00e7aise, p. 368-375, 1951.<\/p>\n\n\n\n<p>LAFRAN (Paul), <em>L\u2019abri \u00c9mile Villard \u00e0 Saint-Chamas<\/em>, Cahiers ligures de pr\u00e9histoire et d\u2019arch\u00e9ologie, p. 162-180, 1955.<\/p>\n\n\n\n<p>LAFRAN (Paul), <em>Maillet \u00e0 rainures d\u2019un type nouveau d\u00e9couvert \u00e0 Saint-Chamas<\/em>, Provence Historique, p. 3-8, 1957.<\/p>\n\n\n\n<p>LAFRAN (Paul), <em>La station de surface du Collet du Verdon (Saint-Chamas, Bouches-du-Rh\u00f4ne)<\/em>, Provence Historique, p. 185-196, 1958.<\/p>\n\n\n\n<p>LAFRAN (Paul), <em>Promenades arch\u00e9ologiques (Saint-Chamas, Miramas, Cornillon-Confoux)<\/em>, Sallonensa, 8<sup>e<\/sup> cahier, p. 31-39, mai 1959.<\/p>\n","protected":false},"excerpt":{"rendered":"<p>ROCHETIN (L.), Le pont romain de Saint-Chamas, M\u00e9moires de l\u2019Acad\u00e9mie de Vaucluse, 1883, pp. 38-44. BERGOUNHOUX (E.), MASSON (P.), Monographies communales tome XV des Bouches-du-Rh\u00f4ne, encyclop\u00e9die d\u00e9partementale, 1933\u00a0: Cornillon Confoux p. 359-364\u00a0; Miramas p.&#46;&#46;&#46;<\/p>\n","protected":false},"author":1,"featured_media":0,"parent":0,"menu_order":0,"comment_status":"closed","ping_status":"closed","template":"","meta":{"footnotes":""},"class_list":["post-255","page","type-page","status-publish","hentry"],"_links":{"self":[{"href":"https:\/\/avsc13.fr\/site\/wp-json\/wp\/v2\/pages\/255","targetHints":{"allow":["GET"]}}],"collection":[{"href":"https:\/\/avsc13.fr\/site\/wp-json\/wp\/v2\/pages"}],"about":[{"href":"https:\/\/avsc13.fr\/site\/wp-json\/wp\/v2\/types\/page"}],"author":[{"embeddable":true,"href":"https:\/\/avsc13.fr\/site\/wp-json\/wp\/v2\/users\/1"}],"replies":[{"embeddable":true,"href":"https:\/\/avsc13.fr\/site\/wp-json\/wp\/v2\/comments?post=255"}],"version-history":[{"count":0,"href":"https:\/\/avsc13.fr\/site\/wp-json\/wp\/v2\/pages\/255\/revisions"}],"wp:attachment":[{"href":"https:\/\/avsc13.fr\/site\/wp-json\/wp\/v2\/media?parent=255"}],"curies":[{"name":"wp","href":"https:\/\/api.w.org\/{rel}","templated":true}]}}